{"id":1575,"date":"2024-01-01T12:06:46","date_gmt":"2024-01-01T12:06:46","guid":{"rendered":"https:\/\/theme-dev.cmsmasters.net\/lawbusiness-clone-main\/?page_id=1575"},"modified":"2026-04-13T18:00:20","modified_gmt":"2026-04-13T15:00:20","slug":"%d8%aa%d9%88%d8%a7%d8%b5%d9%84","status":"publish","type":"page","link":"https:\/\/cavitmeclisi.com\/ar\/%d8%aa%d9%88%d8%a7%d8%b5%d9%84\/","title":{"rendered":"\u062a\u0648\u0627\u0635\u0644"},"content":{"rendered":"<div data-elementor-type=\"wp-page\" data-elementor-id=\"1575\" class=\"elementor elementor-1575\">\n\t\t\t\t<div class=\"elementor-element elementor-element-bfbcd9f cmsmasters-section-for-header-yes e-flex e-con-boxed cmsmasters-block-default e-con e-parent\" data-id=\"bfbcd9f\" data-element_type=\"container\" data-settings=\"{&quot;background_background&quot;:&quot;classic&quot;}\">\n\t\t\t\t\t<div class=\"e-con-inner\">\n\t\t<div class=\"elementor-element elementor-element-5d1eaae e-con-full e-flex cmsmasters-bg-hide-none cmsmasters-bg-hide-none cmsmasters-block-default e-con e-child\" data-id=\"5d1eaae\" data-element_type=\"container\" data-settings=\"{&quot;background_background&quot;:&quot;classic&quot;}\">\n\t\t<div class=\"elementor-element elementor-element-796d3c6 e-con-full e-flex cmsmasters-block-default e-con e-child\" data-id=\"796d3c6\" data-element_type=\"container\" data-settings=\"{&quot;background_background&quot;:&quot;classic&quot;}\">\n\t\t\t\t<div class=\"elementor-element elementor-element-5403c41 cmsmasters-block-default cmsmasters-sticky-default elementor-widget elementor-widget-heading\" data-id=\"5403c41\" data-element_type=\"widget\" data-widget_type=\"heading.default\">\n\t\t\t\t<div class=\"elementor-widget-container\">\n\t\t\t<style>\/*! elementor - v3.23.0 - 15-07-2024 *\/\n.elementor-heading-title{padding:0;margin:0;line-height:1}.elementor-widget-heading .elementor-heading-title[class*=elementor-size-]>a{color:inherit;font-size:inherit;line-height:inherit}.elementor-widget-heading .elementor-heading-title.elementor-size-small{font-size:15px}.elementor-widget-heading .elementor-heading-title.elementor-size-medium{font-size:19px}.elementor-widget-heading .elementor-heading-title.elementor-size-large{font-size:29px}.elementor-widget-heading .elementor-heading-title.elementor-size-xl{font-size:39px}.elementor-widget-heading .elementor-heading-title.elementor-size-xxl{font-size:59px}<\/style><h6 class=\"elementor-heading-title elementor-size-default\">\u062a\u062d\u062f\u064a\u062f \u0645\u0648\u0639\u062f \u0627\u0644\u0622\u0646!<\/h6>\t\t<\/div>\n\t\t\t\t<\/div>\n\t\t\t\t<div class=\"elementor-element elementor-element-f28b285 cmsmasters-block-default cmsmasters-sticky-default elementor-widget elementor-widget-heading\" data-id=\"f28b285\" data-element_type=\"widget\" data-widget_type=\"heading.default\">\n\t\t\t\t<div class=\"elementor-widget-container\">\n\t\t\t<h1 class=\"elementor-heading-title elementor-size-default\">\u0645\u0639\u0644\u0648\u0645\u0627\u062a \u0627\u0644\u0627\u062a\u0635\u0627\u0644<\/h1>\t\t<\/div>\n\t\t\t\t<\/div>\n\t\t\t\t<div class=\"elementor-element elementor-element-35a7ee4 cmsmasters-block-default cmsmasters-sticky-default elementor-widget elementor-widget-text-editor\" data-id=\"35a7ee4\" data-element_type=\"widget\" data-widget_type=\"text-editor.default\">\n\t\t\t\t<div class=\"elementor-widget-container\">\n\t\t\t<style>\/*! elementor - v3.23.0 - 15-07-2024 *\/\n.elementor-widget-text-editor.elementor-drop-cap-view-stacked .elementor-drop-cap{background-color:#69727d;color:#fff}.elementor-widget-text-editor.elementor-drop-cap-view-framed .elementor-drop-cap{color:#69727d;border:3px solid;background-color:transparent}.elementor-widget-text-editor:not(.elementor-drop-cap-view-default) .elementor-drop-cap{margin-top:8px}.elementor-widget-text-editor:not(.elementor-drop-cap-view-default) .elementor-drop-cap-letter{width:1em;height:1em}.elementor-widget-text-editor .elementor-drop-cap{float:left;text-align:center;line-height:1;font-size:50px}.elementor-widget-text-editor .elementor-drop-cap-letter{display:inline-block}<\/style>\t\t\t\t<p>\u0644\u062a\u062d\u062f\u064a\u062f \u0645\u0648\u0639\u062f \u0648\u0627\u0644\u062d\u0635\u0648\u0644 \u0639\u0644\u0649 \u0627\u0644\u0645\u0639\u0644\u0648\u0645\u0627\u062a\u060c \u064a\u0645\u0643\u0646\u0643 \u0627\u0644\u0627\u062a\u0635\u0627\u0644 \u0628\u0646\u0627 \u0639\u0628\u0631 \u0627\u0644\u0647\u0627\u062a\u0641 \u0623\u0648 \u0627\u0644\u0648\u0627\u062a\u0633\u0627\u0628 \u0623\u0648 \u0639\u0628\u0631 \u0646\u0645\u0648\u0630\u062c \u0627\u0644\u0637\u0644\u0628.<\/p>\t\t\t\t\t\t<\/div>\n\t\t\t\t<\/div>\n\t\t<div class=\"elementor-element elementor-element-22e1486 e-con-full e-grid cmsmasters-block-default e-con e-child\" data-id=\"22e1486\" data-element_type=\"container\">\n\t\t\t\t<div class=\"elementor-element elementor-element-bfd56c8 elementor-view-default elementor-position-top elementor-mobile-position-top cmsmasters-block-default cmsmasters-sticky-default elementor-widget elementor-widget-icon-box\" data-id=\"bfd56c8\" data-element_type=\"widget\" data-widget_type=\"icon-box.default\">\n\t\t\t\t<div class=\"elementor-widget-container\">\n\t\t\t<link rel=\"stylesheet\" href=\"https:\/\/cavitmeclisi.com\/wp-content\/uploads\/elementor\/css\/custom-widget-icon-box.min.css?ver=1763626370\">\t\t<div class=\"elementor-icon-box-wrapper\">\n\n\t\t\t\t\t\t<div class=\"elementor-icon-box-icon\">\n\t\t\t\t<a href=\"tel:+905336598669\" target=\"_blank\" class=\"telefon_iletisim elementor-icon elementor-animation-\" tabindex=\"-1\">\n\t\t\t\t<svg aria-hidden=\"true\" class=\"e-font-icon-svg e-fas-phone-square-alt\" viewbox=\"0 0 448 512\" xmlns=\"http:\/\/www.w3.org\/2000\/svg\"><path d=\"M400 32H48A48 48 0 0 0 0 80v352a48 48 0 0 0 48 48h352a48 48 0 0 0 48-48V80a48 48 0 0 0-48-48zm-16.39 307.37l-15 65A15 15 0 0 1 354 416C194 416 64 286.29 64 126a15.7 15.7 0 0 1 11.63-14.61l65-15A18.23 18.23 0 0 1 144 96a16.27 16.27 0 0 1 13.79 9.09l30 70A17.9 17.9 0 0 1 189 181a17 17 0 0 1-5.5 11.61l-37.89 31a231.91 231.91 0 0 0 110.78 110.78l31-37.89A17 17 0 0 1 299 291a17.85 17.85 0 0 1 5.91 1.21l70 30A16.25 16.25 0 0 1 384 336a17.41 17.41 0 0 1-.39 3.37z\"><\/path><\/svg>\t\t\t\t<\/a>\n\t\t\t<\/div>\n\t\t\t\n\t\t\t\t\t\t<div class=\"elementor-icon-box-content\">\n\n\t\t\t\t\t\t\t\t\t<h4 class=\"elementor-icon-box-title\">\n\t\t\t\t\t\t<a href=\"tel:+905336598669\" target=\"_blank\" class=\"telefon_iletisim elementor-icon elementor-animation-\" >\n\t\t\t\t\t\t\t\u0647\u0627\u062a\u0641\t\t\t\t\t\t<\/a>\n\t\t\t\t\t<\/h4>\n\t\t\t\t\n\t\t\t\t\t\t\t\t\t<p class=\"elementor-icon-box-description\">\n\t\t\t\t\t\t<a href=\"tel:+905336598669\" class=\"telefon_iletisim\" target=\"_blank\">0533 659 86 69<\/a>\t\t\t\t\t<\/p>\n\t\t\t\t\n\t\t\t<\/div>\n\t\t\t\n\t\t<\/div>\n\t\t\t\t<\/div>\n\t\t\t\t<\/div>\n\t\t\t\t<div class=\"elementor-element elementor-element-ee5bd27 elementor-view-default elementor-position-top elementor-mobile-position-top cmsmasters-block-default cmsmasters-sticky-default elementor-widget elementor-widget-icon-box\" data-id=\"ee5bd27\" data-element_type=\"widget\" data-widget_type=\"icon-box.default\">\n\t\t\t\t<div class=\"elementor-widget-container\">\n\t\t\t\t\t<div class=\"elementor-icon-box-wrapper\">\n\n\t\t\t\t\t\t<div class=\"elementor-icon-box-icon\">\n\t\t\t\t<a href=\"https:\/\/wa.me\/905336598669\" target=\"_blank\" class=\"elementor-icon elementor-animation-\" tabindex=\"-1\" rel=\"noopener\">\n\t\t\t\t<svg aria-hidden=\"true\" class=\"e-font-icon-svg e-fab-whatsapp-square\" viewbox=\"0 0 448 512\" xmlns=\"http:\/\/www.w3.org\/2000\/svg\"><path d=\"M224 122.8c-72.7 0-131.8 59.1-131.9 131.8 0 24.9 7 49.2 20.2 70.1l3.1 5-13.3 48.6 49.9-13.1 4.8 2.9c20.2 12 43.4 18.4 67.1 18.4h.1c72.6 0 133.3-59.1 133.3-131.8 0-35.2-15.2-68.3-40.1-93.2-25-25-58-38.7-93.2-38.7zm77.5 188.4c-3.3 9.3-19.1 17.7-26.7 18.8-12.6 1.9-22.4.9-47.5-9.9-39.7-17.2-65.7-57.2-67.7-59.8-2-2.6-16.2-21.5-16.2-41s10.2-29.1 13.9-33.1c3.6-4 7.9-5 10.6-5 2.6 0 5.3 0 7.6.1 2.4.1 5.7-.9 8.9 6.8 3.3 7.9 11.2 27.4 12.2 29.4s1.7 4.3.3 6.9c-7.6 15.2-15.7 14.6-11.6 21.6 15.3 26.3 30.6 35.4 53.9 47.1 4 2 6.3 1.7 8.6-1 2.3-2.6 9.9-11.6 12.5-15.5 2.6-4 5.3-3.3 8.9-2 3.6 1.3 23.1 10.9 27.1 12.9s6.6 3 7.6 4.6c.9 1.9.9 9.9-2.4 19.1zM400 32H48C21.5 32 0 53.5 0 80v352c0 26.5 21.5 48 48 48h352c26.5 0 48-21.5 48-48V80c0-26.5-21.5-48-48-48zM223.9 413.2c-26.6 0-52.7-6.7-75.8-19.3L64 416l22.5-82.2c-13.9-24-21.2-51.3-21.2-79.3C65.4 167.1 136.5 96 223.9 96c42.4 0 82.2 16.5 112.2 46.5 29.9 30 47.9 69.8 47.9 112.2 0 87.4-72.7 158.5-160.1 158.5z\"><\/path><\/svg>\t\t\t\t<\/a>\n\t\t\t<\/div>\n\t\t\t\n\t\t\t\t\t\t<div class=\"elementor-icon-box-content\">\n\n\t\t\t\t\t\t\t\t\t<h4 class=\"elementor-icon-box-title\">\n\t\t\t\t\t\t<a href=\"https:\/\/wa.me\/905336598669\" target=\"_blank\" class=\"whatsapp_iletisim elementor-icon elementor-animation-\" rel=\"noopener\">\n\t\t\t\t\t\t\t\u0648\u0627\u062a\u0633 \u0627\u0628\t\t\t\t\t\t<\/a>\n\t\t\t\t\t<\/h4>\n\t\t\t\t\n\t\t\t\t\t\t\t\t\t<p class=\"elementor-icon-box-description\">\n\t\t\t\t\t\t<a href=\"https:\/\/wa.me\/905336598669\" class=\"whatsapp_iletisim\" target=\"_blank\" rel=\"noopener\">\u0627\u0646\u0642\u0631 \u0648\u0623\u0631\u0633\u0644 \u0631\u0633\u0627\u0644\u0629!<\/a>\t\t\t\t\t<\/p>\n\t\t\t\t\n\t\t\t<\/div>\n\t\t\t\n\t\t<\/div>\n\t\t\t\t<\/div>\n\t\t\t\t<\/div>\n\t\t\t\t<\/div>\n\t\t\t\t<\/div>\n\t\t\t\t<\/div>\n\t\t\t\t\t<\/div>\n\t\t\t\t<\/div>\n\t\t<div class=\"elementor-element elementor-element-df6aa9a e-flex e-con-boxed cmsmasters-block-default e-con e-parent\" data-id=\"df6aa9a\" data-element_type=\"container\">\n\t\t\t\t\t<div class=\"e-con-inner\">\n\t\t<div class=\"elementor-element elementor-element-1d5dfd0 e-con-full e-flex cmsmasters-block-default e-con e-child\" data-id=\"1d5dfd0\" data-element_type=\"container\">\n\t\t\t\t<div class=\"elementor-element elementor-element-8216020 cmsmasters-block-default cmsmasters-sticky-default elementor-widget elementor-widget-google_maps\" data-id=\"8216020\" data-element_type=\"widget\" data-widget_type=\"google_maps.default\">\n\t\t\t\t<div class=\"elementor-widget-container\">\n\t\t\t<style>\/*! elementor - v3.23.0 - 15-07-2024 *\/\n.elementor-widget-google_maps .elementor-widget-container{overflow:hidden}.elementor-widget-google_maps .elementor-custom-embed{line-height:0}.elementor-widget-google_maps iframe{height:300px}<\/style>\t\t<div class=\"elementor-custom-embed\">\n\t\t\t<iframe loading=\"lazy\"\n\t\t\t\t\tsrc=\"https:\/\/maps.google.com\/maps?q=Meclisi%20A%C4%9Fr%C4%B1%20ve%20Spor%20Hekimli%C4%9Fi%20Klini%C4%9Fi&#038;t=m&#038;z=15&#038;output=embed&#038;iwloc=near\"\n\t\t\t\t\ttitle=\"\u0639\u064a\u0627\u062f\u0629 \u0645\u062c\u0644\u0633 \u0627\u0644\u0623\u0644\u0645 \u0648\u0627\u0644\u0637\u0628 \u0627\u0644\u0631\u064a\u0627\u0636\u064a\"\n\t\t\t\t\taria-label=\"\u0639\u064a\u0627\u062f\u0629 \u0645\u062c\u0644\u0633 \u0627\u0644\u0623\u0644\u0645 \u0648\u0627\u0644\u0637\u0628 \u0627\u0644\u0631\u064a\u0627\u0636\u064a\"\n\t\t\t><\/iframe>\n\t\t<\/div>\n\t\t\t\t<\/div>\n\t\t\t\t<\/div>\n\t\t\t\t<\/div>\n\t\t<div class=\"elementor-element elementor-element-f7d55a7 e-con-full e-flex cmsmasters-block-default e-con e-child\" data-id=\"f7d55a7\" data-element_type=\"container\">\n\t\t\t\t<div class=\"elementor-element elementor-element-4692575 elementor-widget__width-initial cmsmasters-block-default cmsmasters-sticky-default elementor-widget elementor-widget-heading\" data-id=\"4692575\" data-element_type=\"widget\" data-widget_type=\"heading.default\">\n\t\t\t\t<div class=\"elementor-widget-container\">\n\t\t\t<h2 class=\"elementor-heading-title elementor-size-default\">\u0645\u0639\u0644\u0648\u0645\u0627\u062a \u0627\u0644\u0639\u0646\u0648\u0627\u0646<\/h2>\t\t<\/div>\n\t\t\t\t<\/div>\n\t\t\t\t<div class=\"elementor-element elementor-element-903439b cmsmasters-block-default cmsmasters-sticky-default elementor-widget elementor-widget-heading\" data-id=\"903439b\" data-element_type=\"widget\" data-widget_type=\"heading.default\">\n\t\t\t\t<div class=\"elementor-widget-container\">\n\t\t\t<p class=\"elementor-heading-title elementor-size-default\">\u0644\u0627 \u062a\u0646\u0633\u0648\u0627 \u062a\u062d\u062f\u064a\u062f \u0645\u0648\u0639\u062f \u0642\u0628\u0644 \u0632\u064a\u0627\u0631\u0629 \u0639\u064a\u0627\u062f\u062a\u0646\u0627!<\/p>\t\t<\/div>\n\t\t\t\t<\/div>\n\t\t<div class=\"elementor-element elementor-element-97b007f e-flex e-con-boxed cmsmasters-block-default e-con e-child\" data-id=\"97b007f\" data-element_type=\"container\">\n\t\t\t\t\t<div class=\"e-con-inner\">\n\t\t<div class=\"elementor-element elementor-element-6384317 e-con-full e-flex cmsmasters-block-default e-con e-child\" data-id=\"6384317\" data-element_type=\"container\">\n\t\t\t\t<div class=\"elementor-element elementor-element-9bebae7 cmsmasters-block-default cmsmasters-sticky-default elementor-widget elementor-widget-heading\" data-id=\"9bebae7\" data-element_type=\"widget\" data-widget_type=\"heading.default\">\n\t\t\t\t<div class=\"elementor-widget-container\">\n\t\t\t<div class=\"elementor-heading-title elementor-size-default\">\u0639\u0646\u0648\u0627\u0646<\/div>\t\t<\/div>\n\t\t\t\t<\/div>\n\t\t\t\t<div class=\"elementor-element elementor-element-6de9392 cmsmasters-block-default cmsmasters-sticky-default elementor-widget elementor-widget-text-editor\" data-id=\"6de9392\" data-element_type=\"widget\" data-widget_type=\"text-editor.default\">\n\t\t\t\t<div class=\"elementor-widget-container\">\n\t\t\t\t\t\t\t<p>\u062f\u064a\u0643\u064a\u0644\u064a\u062a\u0627\u0634 \u0645\u0627\u0647. \u0647\u0627\u0643\u064a \u064a\u064a\u062a\u064a\u0646 \u0643\u0627\u062f. \u0631\u0642\u0645:10 \u0627\u0644\u063a\u0631\u0641\u0629:7 <br \/><strong>\u0628\u0634\u0643\u062a\u0627\u0634 \u2013 \u0627\u0633\u0637\u0646\u0628\u0648\u0644<\/strong><\/p>\t\t\t\t\t\t<\/div>\n\t\t\t\t<\/div>\n\t\t\t\t<\/div>\n\t\t<div class=\"elementor-element elementor-element-fb75f9a e-con-full e-flex cmsmasters-block-default e-con e-child\" data-id=\"fb75f9a\" data-element_type=\"container\">\n\t\t\t\t<div class=\"elementor-element elementor-element-e6a11ab cmsmasters-block-default cmsmasters-sticky-default elementor-widget elementor-widget-heading\" data-id=\"e6a11ab\" data-element_type=\"widget\" data-widget_type=\"heading.default\">\n\t\t\t\t<div class=\"elementor-widget-container\">\n\t\t\t<div class=\"elementor-heading-title elementor-size-default\">\u0633\u0627\u0639\u0627\u062a \u0627\u0644\u0639\u0645\u0644<\/div>\t\t<\/div>\n\t\t\t\t<\/div>\n\t\t\t\t<div class=\"elementor-element elementor-element-8614973 cmsmasters-block-default cmsmasters-sticky-default elementor-widget elementor-widget-text-editor\" data-id=\"8614973\" data-element_type=\"widget\" data-widget_type=\"text-editor.default\">\n\t\t\t\t<div class=\"elementor-widget-container\">\n\t\t\t\t\t\t\t<p><strong>\u0645\u0646\u062a\u0635\u0641 \u0627\u0644\u0627\u0633\u0628\u0648\u0639:<\/strong> 18:30-22:00<br \/><strong>\u0639\u0637\u0644\u0629 \u0646\u0647\u0627\u064a\u0629 \u0627\u0644\u0623\u0633\u0628\u0648\u0639:<\/strong> 16:00-20:00<\/p>\t\t\t\t\t\t<\/div>\n\t\t\t\t<\/div>\n\t\t\t\t<\/div>\n\t\t\t\t\t<\/div>\n\t\t\t\t<\/div>\n\t\t\t\t<\/div>\n\t\t\t\t\t<\/div>\n\t\t\t\t<\/div>\n\t\t<div class=\"elementor-element elementor-element-a02a696 e-flex e-con-boxed cmsmasters-block-default e-con e-parent\" data-id=\"a02a696\" data-element_type=\"container\" id=\"form\" data-settings=\"{&quot;background_background&quot;:&quot;classic&quot;}\">\n\t\t\t\t\t<div class=\"e-con-inner\">\n\t\t<div class=\"elementor-element elementor-element-27eadba e-con-full e-flex cmsmasters-block-default e-con e-child\" data-id=\"27eadba\" data-element_type=\"container\">\n\t\t\t\t<div class=\"elementor-element elementor-element-806a40b cmsmasters-block-default cmsmasters-sticky-default elementor-widget elementor-widget-heading\" data-id=\"806a40b\" data-element_type=\"widget\" data-widget_type=\"heading.default\">\n\t\t\t\t<div class=\"elementor-widget-container\">\n\t\t\t<h3 class=\"elementor-heading-title elementor-size-default\">\u0646\u0645\u0648\u0630\u062c \u0627\u0644\u0627\u062a\u0635\u0627\u0644<\/h3>\t\t<\/div>\n\t\t\t\t<\/div>\n\t\t\t\t<div class=\"elementor-element elementor-element-7f9c250 cmsmasters-block-default cmsmasters-sticky-default elementor-widget elementor-widget-text-editor\" data-id=\"7f9c250\" data-element_type=\"widget\" data-widget_type=\"text-editor.default\">\n\t\t\t\t<div class=\"elementor-widget-container\">\n\t\t\t\t\t\t\t<p>\u064a\u0645\u0643\u0646\u0643 \u0645\u0644\u0621 \u0646\u0645\u0648\u0630\u062c \u0627\u0644\u0627\u062a\u0635\u0627\u0644 \u0627\u0644\u062e\u0627\u0635 \u0628\u0646\u0627 \u0644\u062a\u062d\u062f\u064a\u062f \u0645\u0648\u0639\u062f \u0648\u0627\u0644\u062d\u0635\u0648\u0644 \u0639\u0644\u0649 \u0627\u0644\u0645\u0639\u0644\u0648\u0645\u0627\u062a. \u0628\u0627\u0644\u0625\u0636\u0627\u0641\u0629 \u0625\u0644\u0649 \u0630\u0644\u0643\u060c \u064a\u0645\u0643\u0646\u0643\u0645 \u0623\u0646 \u062a\u0631\u0633\u0644\u0648\u0627 \u0644\u0646\u0627 \u0627\u0642\u062a\u0631\u0627\u062d\u0627\u062a\u0643\u0645 \u0648\u0622\u0631\u0627\u0626\u0643\u0645 \u0648\u0645\u0634\u0627\u0643\u0644\u0643\u0645 \u0639\u0628\u0631 \u0646\u0645\u0648\u0630\u062c \u0627\u0644\u0627\u062a\u0635\u0627\u0644.<\/p>\t\t\t\t\t\t<\/div>\n\t\t\t\t<\/div>\n\t\t\t\t<\/div>\n\t\t<div class=\"elementor-element elementor-element-356fbeb e-con-full e-flex cmsmasters-block-default e-con e-child\" data-id=\"356fbeb\" data-element_type=\"container\">\n\t\t\t\t<div class=\"elementor-element elementor-element-ba6e8c1 cmsmasters-block-default cmsmasters-sticky-default elementor-widget elementor-widget-image\" data-id=\"ba6e8c1\" data-element_type=\"widget\" data-widget_type=\"image.default\">\n\t\t\t\t<div class=\"elementor-widget-container\">\n\t\t\t<style>\/*! elementor - v3.23.0 - 15-07-2024 *\/\n.elementor-widget-image{text-align:center}.elementor-widget-image a{display:inline-block}.elementor-widget-image a img[src$=\".svg\"]{width:48px}.elementor-widget-image img{vertical-align:middle;display:inline-block}<\/style>\t\t\t\t\t\t\t\t\t\t<img decoding=\"async\" width=\"590\" height=\"700\" src=\"https:\/\/cavitmeclisi.com\/wp-content\/uploads\/2024\/07\/doc-dr-cavit-meclisi-telefon.jpg\" class=\"attachment-full size-full wp-image-32889\" alt=\"\u0623\u0633\u062a\u0627\u0630 \u0645\u0634\u0627\u0631\u0643 \u0647\u0627\u062a\u0641 \u0645\u062c\u0644\u0633 \u0643\u0627\u0641\u064a\u062a\" srcset=\"https:\/\/cavitmeclisi.com\/wp-content\/uploads\/2024\/07\/doc-dr-cavit-meclisi-telefon.jpg 590w, https:\/\/cavitmeclisi.com\/wp-content\/uploads\/2024\/07\/doc-dr-cavit-meclisi-telefon-253x300.jpg 253w\" sizes=\"(max-width: 590px) 100vw, 590px\" title=\"\">\t\t\t\t\t\t\t\t\t\t\t\t\t<\/div>\n\t\t\t\t<\/div>\n\t\t\t\t<\/div>\n\t\t\t\t\t<\/div>\n\t\t\t\t<\/div>\n\t\t\t\t<\/div>","protected":false},"excerpt":{"rendered":"<p>Hemen Randevu Al\u0131n! \u0130leti\u015fim Bilgileri Randevu ve bilgi almak i\u00e7in bizimle telefon, whatsapp veya ba\u015fvuru formu \u00fczerinden ileti\u015fime ge\u00e7ebilirsiniz. Telefon 0533 659 86 69 Whatsapp T\u0131kla Mesaj At! Adres Bilgileri Klini\u011fimizi ziyaret etmeden \u00f6nce randevu almay\u0131 unutmay\u0131n! ADRES Dikilita\u015f Mah. Hakk\u0131 Yeten Cad. No:10 Oda:7 Be\u015fikta\u015f &#8211;\u00a0 \u0130stanbul \u00c7al\u0131\u015fma Saatleri Hafta \u0130\u00e7i: 18:30\u201322:00Hafta Sonu: 16:00\u201320:00&#8230;<\/p>","protected":false},"author":1,"featured_media":0,"parent":0,"menu_order":0,"comment_status":"closed","ping_status":"closed","template":"","meta":{"_acf_changed":false,"inline_featured_image":false,"footnotes":""},"class_list":["post-1575","page","type-page","status-publish","hentry"],"acf":[],"_links":{"self":[{"href":"https:\/\/cavitmeclisi.com\/ar\/wp-json\/wp\/v2\/pages\/1575","targetHints":{"allow":["GET"]}}],"collection":[{"href":"https:\/\/cavitmeclisi.com\/ar\/wp-json\/wp\/v2\/pages"}],"about":[{"href":"https:\/\/cavitmeclisi.com\/ar\/wp-json\/wp\/v2\/types\/page"}],"author":[{"embeddable":true,"href":"https:\/\/cavitmeclisi.com\/ar\/wp-json\/wp\/v2\/users\/1"}],"replies":[{"embeddable":true,"href":"https:\/\/cavitmeclisi.com\/ar\/wp-json\/wp\/v2\/comments?post=1575"}],"version-history":[{"count":0,"href":"https:\/\/cavitmeclisi.com\/ar\/wp-json\/wp\/v2\/pages\/1575\/revisions"}],"wp:attachment":[{"href":"https:\/\/cavitmeclisi.com\/ar\/wp-json\/wp\/v2\/media?parent=1575"}],"curies":[{"name":"wp","href":"https:\/\/api.w.org\/{rel}","templated":true}]}}